{"id":77,"date":"2018-02-11T08:18:33","date_gmt":"2018-02-11T08:18:33","guid":{"rendered":"http:\/\/stfranziskus-kindergarten.de\/?page_id=77"},"modified":"2025-11-27T13:53:56","modified_gmt":"2025-11-27T13:53:56","slug":"turnhalle","status":"publish","type":"page","link":"https:\/\/stfranziskus-kindergarten.de\/?page_id=77","title":{"rendered":"Unser Mehrzweckraum"},"content":{"rendered":"\n<p class=\"has-text-align-left\">Unser Mehrzweckraum ist mehr als ein reiner Bewegungsraum. Nat\u00fcrlich ist er sehr beliebt f\u00fcr Bewegungsangebote und -impulse. Doch ist er gleicherma\u00dfen der Ort, an dem beide unsere Gruppen regelm\u00e4\u00dfig zusammenkommen, um in einer freundlichen und hellen Atmosph\u00e4re gemeinsam zu singen, zu musizieren und zu spielen. <br>Zur Mittagszeit besteht seine haupts\u00e4chliche Funktion darin, den Kindern, die \u00fcber die Mittagszeit schlafen m\u00f6chten, einen ruhigen und sicheren Raum zu bieten. Mit einer eigenen Matratze, individueller Bettw\u00e4sche und leiser Entspannungsmusik finden die Kinder einen gesch\u00fctzten Rahmen, um zur Ruhe kommen und neue Energie f\u00fcr den Nachmittag sch\u00f6pfen zu k\u00f6nnen.<\/p>\n\n\n\n<figure class=\"wp-block-image size-large\"><img loading=\"lazy\" decoding=\"async\" width=\"768\" height=\"1024\" src=\"http:\/\/stfranziskus-kindergarten.de\/wp-content\/uploads\/2025\/11\/turnhalle-min-min-768x1024.jpg\" alt=\"\" class=\"wp-image-205\" srcset=\"https:\/\/stfranziskus-kindergarten.de\/wp-content\/uploads\/2025\/11\/turnhalle-min-min-768x1024.jpg 768w, https:\/\/stfranziskus-kindergarten.de\/wp-content\/uploads\/2025\/11\/turnhalle-min-min-225x300.jpg 225w, https:\/\/stfranziskus-kindergarten.de\/wp-content\/uploads\/2025\/11\/turnhalle-min-min-1152x1536.jpg 1152w, https:\/\/stfranziskus-kindergarten.de\/wp-content\/uploads\/2025\/11\/turnhalle-min-min-1536x2048.jpg 1536w, https:\/\/stfranziskus-kindergarten.de\/wp-content\/uploads\/2025\/11\/turnhalle-min-min-scaled.jpg 1920w\" sizes=\"auto, (max-width: 768px) 100vw, 768px\" \/><\/figure>\n\n\n\n<p><\/p>\n\n\n\n<p><\/p>\n","protected":false},"excerpt":{"rendered":"<p>Unser Mehrzweckraum ist mehr als ein reiner Bewegungsraum. Nat\u00fcrlich ist er sehr beliebt f\u00fcr Bewegungsangebote und -impulse. Doch ist er gleicherma\u00dfen der Ort, an dem beide unsere Gruppen regelm\u00e4\u00dfig zusammenkommen, um in einer freundlichen und hellen Atmosph\u00e4re gemeinsam zu singen, zu musizieren und zu spielen. Zur Mittagszeit besteht seine haupts\u00e4chliche [&hellip;]<\/p>\n","protected":false},"author":1,"featured_media":0,"parent":15,"menu_order":0,"comment_status":"closed","ping_status":"closed","template":"","meta":{"footnotes":""},"class_list":["post-77","page","type-page","status-publish","hentry"],"yoast_head":"<!-- This site is optimized with the Yoast SEO plugin v27.3 - https:\/\/yoast.com\/product\/yoast-seo-wordpress\/ -->\n<title>Unser Mehrzweckraum - Kindergarten St. Franziskus<\/title>\n<meta name=\"robots\" content=\"index, follow, max-snippet:-1, max-image-preview:large, max-video-preview:-1\" \/>\n<link rel=\"canonical\" href=\"https:\/\/stfranziskus-kindergarten.de\/?page_id=77\" \/>\n<meta property=\"og:locale\" content=\"de_DE\" \/>\n<meta property=\"og:type\" content=\"article\" \/>\n<meta property=\"og:title\" content=\"Unser Mehrzweckraum - Kindergarten St. Franziskus\" \/>\n<meta property=\"og:description\" content=\"Unser Mehrzweckraum ist mehr als ein reiner Bewegungsraum. Nat\u00fcrlich ist er sehr beliebt f\u00fcr Bewegungsangebote und -impulse. Doch ist er gleicherma\u00dfen der Ort, an dem beide unsere Gruppen regelm\u00e4\u00dfig zusammenkommen, um in einer freundlichen und hellen Atmosph\u00e4re gemeinsam zu singen, zu musizieren und zu spielen. Zur Mittagszeit besteht seine haupts\u00e4chliche [&hellip;]\" \/>\n<meta property=\"og:url\" content=\"https:\/\/stfranziskus-kindergarten.de\/?page_id=77\" \/>\n<meta property=\"og:site_name\" content=\"Kindergarten St. Franziskus\" \/>\n<meta property=\"article:modified_time\" content=\"2025-11-27T13:53:56+00:00\" \/>\n<meta property=\"og:image\" content=\"http:\/\/stfranziskus-kindergarten.de\/wp-content\/uploads\/2025\/11\/turnhalle-min-min-768x1024.jpg\" \/>\n<meta name=\"twitter:card\" content=\"summary_large_image\" \/>\n<meta name=\"twitter:label1\" content=\"Gesch\u00e4tzte Lesezeit\" \/>\n\t<meta name=\"twitter:data1\" content=\"1\u00a0Minute\" \/>\n<script type=\"application\/ld+json\" class=\"yoast-schema-graph\">{\"@context\":\"https:\\\/\\\/schema.org\",\"@graph\":[{\"@type\":\"WebPage\",\"@id\":\"https:\\\/\\\/stfranziskus-kindergarten.de\\\/?page_id=77\",\"url\":\"https:\\\/\\\/stfranziskus-kindergarten.de\\\/?page_id=77\",\"name\":\"Unser Mehrzweckraum - Kindergarten St. Franziskus\",\"isPartOf\":{\"@id\":\"http:\\\/\\\/stfranziskus-kindergarten.de\\\/#website\"},\"primaryImageOfPage\":{\"@id\":\"https:\\\/\\\/stfranziskus-kindergarten.de\\\/?page_id=77#primaryimage\"},\"image\":{\"@id\":\"https:\\\/\\\/stfranziskus-kindergarten.de\\\/?page_id=77#primaryimage\"},\"thumbnailUrl\":\"http:\\\/\\\/stfranziskus-kindergarten.de\\\/wp-content\\\/uploads\\\/2025\\\/11\\\/turnhalle-min-min-768x1024.jpg\",\"datePublished\":\"2018-02-11T08:18:33+00:00\",\"dateModified\":\"2025-11-27T13:53:56+00:00\",\"breadcrumb\":{\"@id\":\"https:\\\/\\\/stfranziskus-kindergarten.de\\\/?page_id=77#breadcrumb\"},\"inLanguage\":\"de\",\"potentialAction\":[{\"@type\":\"ReadAction\",\"target\":[\"https:\\\/\\\/stfranziskus-kindergarten.de\\\/?page_id=77\"]}]},{\"@type\":\"ImageObject\",\"inLanguage\":\"de\",\"@id\":\"https:\\\/\\\/stfranziskus-kindergarten.de\\\/?page_id=77#primaryimage\",\"url\":\"https:\\\/\\\/stfranziskus-kindergarten.de\\\/wp-content\\\/uploads\\\/2025\\\/11\\\/turnhalle-min-min-scaled.jpg\",\"contentUrl\":\"https:\\\/\\\/stfranziskus-kindergarten.de\\\/wp-content\\\/uploads\\\/2025\\\/11\\\/turnhalle-min-min-scaled.jpg\",\"width\":1920,\"height\":2560},{\"@type\":\"BreadcrumbList\",\"@id\":\"https:\\\/\\\/stfranziskus-kindergarten.de\\\/?page_id=77#breadcrumb\",\"itemListElement\":[{\"@type\":\"ListItem\",\"position\":1,\"name\":\"Startseite\",\"item\":\"http:\\\/\\\/stfranziskus-kindergarten.de\\\/\"},{\"@type\":\"ListItem\",\"position\":2,\"name\":\"Unsere Gruppen\",\"item\":\"http:\\\/\\\/stfranziskus-kindergarten.de\\\/?page_id=15\"},{\"@type\":\"ListItem\",\"position\":3,\"name\":\"Unser Mehrzweckraum\"}]},{\"@type\":\"WebSite\",\"@id\":\"http:\\\/\\\/stfranziskus-kindergarten.de\\\/#website\",\"url\":\"http:\\\/\\\/stfranziskus-kindergarten.de\\\/\",\"name\":\"Kindergarten St. Franziskus\",\"description\":\"\",\"potentialAction\":[{\"@type\":\"SearchAction\",\"target\":{\"@type\":\"EntryPoint\",\"urlTemplate\":\"http:\\\/\\\/stfranziskus-kindergarten.de\\\/?s={search_term_string}\"},\"query-input\":{\"@type\":\"PropertyValueSpecification\",\"valueRequired\":true,\"valueName\":\"search_term_string\"}}],\"inLanguage\":\"de\"}]}<\/script>\n<!-- \/ Yoast SEO plugin. -->","yoast_head_json":{"title":"Unser Mehrzweckraum - Kindergarten St. Franziskus","robots":{"index":"index","follow":"follow","max-snippet":"max-snippet:-1","max-image-preview":"max-image-preview:large","max-video-preview":"max-video-preview:-1"},"canonical":"https:\/\/stfranziskus-kindergarten.de\/?page_id=77","og_locale":"de_DE","og_type":"article","og_title":"Unser Mehrzweckraum - Kindergarten St. Franziskus","og_description":"Unser Mehrzweckraum ist mehr als ein reiner Bewegungsraum. Nat\u00fcrlich ist er sehr beliebt f\u00fcr Bewegungsangebote und -impulse. Doch ist er gleicherma\u00dfen der Ort, an dem beide unsere Gruppen regelm\u00e4\u00dfig zusammenkommen, um in einer freundlichen und hellen Atmosph\u00e4re gemeinsam zu singen, zu musizieren und zu spielen. Zur Mittagszeit besteht seine haupts\u00e4chliche [&hellip;]","og_url":"https:\/\/stfranziskus-kindergarten.de\/?page_id=77","og_site_name":"Kindergarten St. Franziskus","article_modified_time":"2025-11-27T13:53:56+00:00","og_image":[{"url":"http:\/\/stfranziskus-kindergarten.de\/wp-content\/uploads\/2025\/11\/turnhalle-min-min-768x1024.jpg","type":"","width":"","height":""}],"twitter_card":"summary_large_image","twitter_misc":{"Gesch\u00e4tzte Lesezeit":"1\u00a0Minute"},"schema":{"@context":"https:\/\/schema.org","@graph":[{"@type":"WebPage","@id":"https:\/\/stfranziskus-kindergarten.de\/?page_id=77","url":"https:\/\/stfranziskus-kindergarten.de\/?page_id=77","name":"Unser Mehrzweckraum - Kindergarten St. Franziskus","isPartOf":{"@id":"http:\/\/stfranziskus-kindergarten.de\/#website"},"primaryImageOfPage":{"@id":"https:\/\/stfranziskus-kindergarten.de\/?page_id=77#primaryimage"},"image":{"@id":"https:\/\/stfranziskus-kindergarten.de\/?page_id=77#primaryimage"},"thumbnailUrl":"http:\/\/stfranziskus-kindergarten.de\/wp-content\/uploads\/2025\/11\/turnhalle-min-min-768x1024.jpg","datePublished":"2018-02-11T08:18:33+00:00","dateModified":"2025-11-27T13:53:56+00:00","breadcrumb":{"@id":"https:\/\/stfranziskus-kindergarten.de\/?page_id=77#breadcrumb"},"inLanguage":"de","potentialAction":[{"@type":"ReadAction","target":["https:\/\/stfranziskus-kindergarten.de\/?page_id=77"]}]},{"@type":"ImageObject","inLanguage":"de","@id":"https:\/\/stfranziskus-kindergarten.de\/?page_id=77#primaryimage","url":"https:\/\/stfranziskus-kindergarten.de\/wp-content\/uploads\/2025\/11\/turnhalle-min-min-scaled.jpg","contentUrl":"https:\/\/stfranziskus-kindergarten.de\/wp-content\/uploads\/2025\/11\/turnhalle-min-min-scaled.jpg","width":1920,"height":2560},{"@type":"BreadcrumbList","@id":"https:\/\/stfranziskus-kindergarten.de\/?page_id=77#breadcrumb","itemListElement":[{"@type":"ListItem","position":1,"name":"Startseite","item":"http:\/\/stfranziskus-kindergarten.de\/"},{"@type":"ListItem","position":2,"name":"Unsere Gruppen","item":"http:\/\/stfranziskus-kindergarten.de\/?page_id=15"},{"@type":"ListItem","position":3,"name":"Unser Mehrzweckraum"}]},{"@type":"WebSite","@id":"http:\/\/stfranziskus-kindergarten.de\/#website","url":"http:\/\/stfranziskus-kindergarten.de\/","name":"Kindergarten St. Franziskus","description":"","potentialAction":[{"@type":"SearchAction","target":{"@type":"EntryPoint","urlTemplate":"http:\/\/stfranziskus-kindergarten.de\/?s={search_term_string}"},"query-input":{"@type":"PropertyValueSpecification","valueRequired":true,"valueName":"search_term_string"}}],"inLanguage":"de"}]}},"_links":{"self":[{"href":"https:\/\/stfranziskus-kindergarten.de\/index.php?rest_route=\/wp\/v2\/pages\/77","targetHints":{"allow":["GET"]}}],"collection":[{"href":"https:\/\/stfranziskus-kindergarten.de\/index.php?rest_route=\/wp\/v2\/pages"}],"about":[{"href":"https:\/\/stfranziskus-kindergarten.de\/index.php?rest_route=\/wp\/v2\/types\/page"}],"author":[{"embeddable":true,"href":"https:\/\/stfranziskus-kindergarten.de\/index.php?rest_route=\/wp\/v2\/users\/1"}],"replies":[{"embeddable":true,"href":"https:\/\/stfranziskus-kindergarten.de\/index.php?rest_route=%2Fwp%2Fv2%2Fcomments&post=77"}],"version-history":[{"count":6,"href":"https:\/\/stfranziskus-kindergarten.de\/index.php?rest_route=\/wp\/v2\/pages\/77\/revisions"}],"predecessor-version":[{"id":206,"href":"https:\/\/stfranziskus-kindergarten.de\/index.php?rest_route=\/wp\/v2\/pages\/77\/revisions\/206"}],"up":[{"embeddable":true,"href":"https:\/\/stfranziskus-kindergarten.de\/index.php?rest_route=\/wp\/v2\/pages\/15"}],"wp:attachment":[{"href":"https:\/\/stfranziskus-kindergarten.de\/index.php?rest_route=%2Fwp%2Fv2%2Fmedia&parent=77"}],"curies":[{"name":"wp","href":"https:\/\/api.w.org\/{rel}","templated":true}]}}