{"id":75,"date":"2018-02-11T08:18:21","date_gmt":"2018-02-11T08:18:21","guid":{"rendered":"http:\/\/stfranziskus-kindergarten.de\/?page_id=75"},"modified":"2024-10-16T12:33:01","modified_gmt":"2024-10-16T12:33:01","slug":"garten","status":"publish","type":"page","link":"https:\/\/stfranziskus-kindergarten.de\/?page_id=75","title":{"rendered":"Garten"},"content":{"rendered":"\n<p>Unser Garten ist unser pers\u00f6nliches Schmuckst\u00fcck. Eine gro\u00dfe Wiesenfl\u00e4che l\u00e4dt zum Laufen, Springen und ausgiebigem Bewegen ein. Neben einem Sandspielkasten mit Spielger\u00e4t, einer Vogelnestschaukel sowie einem Kletterger\u00fcst, stehen auch auf einer Pflasterfl\u00e4che weitere Spiel- und Explorationsm\u00f6glichkeiten zur Verf\u00fcgung, die besonders die grobmotorische Entwicklung der Kinder unterst\u00fctzen.<\/p>\n\n\n\n\n\n<p><\/p>\n","protected":false},"excerpt":{"rendered":"<p>Unser Garten ist unser pers\u00f6nliches Schmuckst\u00fcck. Eine gro\u00dfe Wiesenfl\u00e4che l\u00e4dt zum Laufen, Springen und ausgiebigem Bewegen ein. Neben einem Sandspielkasten mit Spielger\u00e4t, einer Vogelnestschaukel sowie einem Kletterger\u00fcst, stehen auch auf einer Pflasterfl\u00e4che weitere Spiel- und Explorationsm\u00f6glichkeiten zur Verf\u00fcgung, die besonders die grobmotorische Entwicklung der Kinder unterst\u00fctzen.<\/p>\n","protected":false},"author":1,"featured_media":0,"parent":15,"menu_order":0,"comment_status":"closed","ping_status":"closed","template":"","meta":{"footnotes":""},"class_list":["post-75","page","type-page","status-publish","hentry"],"yoast_head":"<!-- This site is optimized with the Yoast SEO plugin v27.3 - https:\/\/yoast.com\/product\/yoast-seo-wordpress\/ -->\n<title>Garten - Kindergarten St. Franziskus<\/title>\n<meta name=\"robots\" content=\"index, follow, max-snippet:-1, max-image-preview:large, max-video-preview:-1\" \/>\n<link rel=\"canonical\" href=\"https:\/\/stfranziskus-kindergarten.de\/?page_id=75\" \/>\n<meta property=\"og:locale\" content=\"de_DE\" \/>\n<meta property=\"og:type\" content=\"article\" \/>\n<meta property=\"og:title\" content=\"Garten - Kindergarten St. Franziskus\" \/>\n<meta property=\"og:description\" content=\"Unser Garten ist unser pers\u00f6nliches Schmuckst\u00fcck. Eine gro\u00dfe Wiesenfl\u00e4che l\u00e4dt zum Laufen, Springen und ausgiebigem Bewegen ein. Neben einem Sandspielkasten mit Spielger\u00e4t, einer Vogelnestschaukel sowie einem Kletterger\u00fcst, stehen auch auf einer Pflasterfl\u00e4che weitere Spiel- und Explorationsm\u00f6glichkeiten zur Verf\u00fcgung, die besonders die grobmotorische Entwicklung der Kinder unterst\u00fctzen.\" \/>\n<meta property=\"og:url\" content=\"https:\/\/stfranziskus-kindergarten.de\/?page_id=75\" \/>\n<meta property=\"og:site_name\" content=\"Kindergarten St. Franziskus\" \/>\n<meta property=\"article:modified_time\" content=\"2024-10-16T12:33:01+00:00\" \/>\n<meta name=\"twitter:card\" content=\"summary_large_image\" \/>\n<meta name=\"twitter:label1\" content=\"Gesch\u00e4tzte Lesezeit\" \/>\n\t<meta name=\"twitter:data1\" content=\"1\u00a0Minute\" \/>\n<script type=\"application\/ld+json\" class=\"yoast-schema-graph\">{\"@context\":\"https:\\\/\\\/schema.org\",\"@graph\":[{\"@type\":\"WebPage\",\"@id\":\"https:\\\/\\\/stfranziskus-kindergarten.de\\\/?page_id=75\",\"url\":\"https:\\\/\\\/stfranziskus-kindergarten.de\\\/?page_id=75\",\"name\":\"Garten - Kindergarten St. Franziskus\",\"isPartOf\":{\"@id\":\"http:\\\/\\\/stfranziskus-kindergarten.de\\\/#website\"},\"datePublished\":\"2018-02-11T08:18:21+00:00\",\"dateModified\":\"2024-10-16T12:33:01+00:00\",\"breadcrumb\":{\"@id\":\"https:\\\/\\\/stfranziskus-kindergarten.de\\\/?page_id=75#breadcrumb\"},\"inLanguage\":\"de\",\"potentialAction\":[{\"@type\":\"ReadAction\",\"target\":[\"https:\\\/\\\/stfranziskus-kindergarten.de\\\/?page_id=75\"]}]},{\"@type\":\"BreadcrumbList\",\"@id\":\"https:\\\/\\\/stfranziskus-kindergarten.de\\\/?page_id=75#breadcrumb\",\"itemListElement\":[{\"@type\":\"ListItem\",\"position\":1,\"name\":\"Startseite\",\"item\":\"http:\\\/\\\/stfranziskus-kindergarten.de\\\/\"},{\"@type\":\"ListItem\",\"position\":2,\"name\":\"Unsere Gruppen\",\"item\":\"http:\\\/\\\/stfranziskus-kindergarten.de\\\/?page_id=15\"},{\"@type\":\"ListItem\",\"position\":3,\"name\":\"Garten\"}]},{\"@type\":\"WebSite\",\"@id\":\"http:\\\/\\\/stfranziskus-kindergarten.de\\\/#website\",\"url\":\"http:\\\/\\\/stfranziskus-kindergarten.de\\\/\",\"name\":\"Kindergarten St. Franziskus\",\"description\":\"\",\"potentialAction\":[{\"@type\":\"SearchAction\",\"target\":{\"@type\":\"EntryPoint\",\"urlTemplate\":\"http:\\\/\\\/stfranziskus-kindergarten.de\\\/?s={search_term_string}\"},\"query-input\":{\"@type\":\"PropertyValueSpecification\",\"valueRequired\":true,\"valueName\":\"search_term_string\"}}],\"inLanguage\":\"de\"}]}<\/script>\n<!-- \/ Yoast SEO plugin. -->","yoast_head_json":{"title":"Garten - Kindergarten St. Franziskus","robots":{"index":"index","follow":"follow","max-snippet":"max-snippet:-1","max-image-preview":"max-image-preview:large","max-video-preview":"max-video-preview:-1"},"canonical":"https:\/\/stfranziskus-kindergarten.de\/?page_id=75","og_locale":"de_DE","og_type":"article","og_title":"Garten - Kindergarten St. Franziskus","og_description":"Unser Garten ist unser pers\u00f6nliches Schmuckst\u00fcck. Eine gro\u00dfe Wiesenfl\u00e4che l\u00e4dt zum Laufen, Springen und ausgiebigem Bewegen ein. Neben einem Sandspielkasten mit Spielger\u00e4t, einer Vogelnestschaukel sowie einem Kletterger\u00fcst, stehen auch auf einer Pflasterfl\u00e4che weitere Spiel- und Explorationsm\u00f6glichkeiten zur Verf\u00fcgung, die besonders die grobmotorische Entwicklung der Kinder unterst\u00fctzen.","og_url":"https:\/\/stfranziskus-kindergarten.de\/?page_id=75","og_site_name":"Kindergarten St. Franziskus","article_modified_time":"2024-10-16T12:33:01+00:00","twitter_card":"summary_large_image","twitter_misc":{"Gesch\u00e4tzte Lesezeit":"1\u00a0Minute"},"schema":{"@context":"https:\/\/schema.org","@graph":[{"@type":"WebPage","@id":"https:\/\/stfranziskus-kindergarten.de\/?page_id=75","url":"https:\/\/stfranziskus-kindergarten.de\/?page_id=75","name":"Garten - Kindergarten St. Franziskus","isPartOf":{"@id":"http:\/\/stfranziskus-kindergarten.de\/#website"},"datePublished":"2018-02-11T08:18:21+00:00","dateModified":"2024-10-16T12:33:01+00:00","breadcrumb":{"@id":"https:\/\/stfranziskus-kindergarten.de\/?page_id=75#breadcrumb"},"inLanguage":"de","potentialAction":[{"@type":"ReadAction","target":["https:\/\/stfranziskus-kindergarten.de\/?page_id=75"]}]},{"@type":"BreadcrumbList","@id":"https:\/\/stfranziskus-kindergarten.de\/?page_id=75#breadcrumb","itemListElement":[{"@type":"ListItem","position":1,"name":"Startseite","item":"http:\/\/stfranziskus-kindergarten.de\/"},{"@type":"ListItem","position":2,"name":"Unsere Gruppen","item":"http:\/\/stfranziskus-kindergarten.de\/?page_id=15"},{"@type":"ListItem","position":3,"name":"Garten"}]},{"@type":"WebSite","@id":"http:\/\/stfranziskus-kindergarten.de\/#website","url":"http:\/\/stfranziskus-kindergarten.de\/","name":"Kindergarten St. Franziskus","description":"","potentialAction":[{"@type":"SearchAction","target":{"@type":"EntryPoint","urlTemplate":"http:\/\/stfranziskus-kindergarten.de\/?s={search_term_string}"},"query-input":{"@type":"PropertyValueSpecification","valueRequired":true,"valueName":"search_term_string"}}],"inLanguage":"de"}]}},"_links":{"self":[{"href":"https:\/\/stfranziskus-kindergarten.de\/index.php?rest_route=\/wp\/v2\/pages\/75","targetHints":{"allow":["GET"]}}],"collection":[{"href":"https:\/\/stfranziskus-kindergarten.de\/index.php?rest_route=\/wp\/v2\/pages"}],"about":[{"href":"https:\/\/stfranziskus-kindergarten.de\/index.php?rest_route=\/wp\/v2\/types\/page"}],"author":[{"embeddable":true,"href":"https:\/\/stfranziskus-kindergarten.de\/index.php?rest_route=\/wp\/v2\/users\/1"}],"replies":[{"embeddable":true,"href":"https:\/\/stfranziskus-kindergarten.de\/index.php?rest_route=%2Fwp%2Fv2%2Fcomments&post=75"}],"version-history":[{"count":2,"href":"https:\/\/stfranziskus-kindergarten.de\/index.php?rest_route=\/wp\/v2\/pages\/75\/revisions"}],"predecessor-version":[{"id":177,"href":"https:\/\/stfranziskus-kindergarten.de\/index.php?rest_route=\/wp\/v2\/pages\/75\/revisions\/177"}],"up":[{"embeddable":true,"href":"https:\/\/stfranziskus-kindergarten.de\/index.php?rest_route=\/wp\/v2\/pages\/15"}],"wp:attachment":[{"href":"https:\/\/stfranziskus-kindergarten.de\/index.php?rest_route=%2Fwp%2Fv2%2Fmedia&parent=75"}],"curies":[{"name":"wp","href":"https:\/\/api.w.org\/{rel}","templated":true}]}}