{"id":71,"date":"2018-02-11T08:17:55","date_gmt":"2018-02-11T08:17:55","guid":{"rendered":"http:\/\/stfranziskus-kindergarten.de\/?page_id=71"},"modified":"2025-11-27T14:13:05","modified_gmt":"2025-11-27T14:13:05","slug":"gruppe-2","status":"publish","type":"page","link":"https:\/\/stfranziskus-kindergarten.de\/?page_id=71","title":{"rendered":"M\u00e4usegruppe"},"content":{"rendered":"\n<figure class=\"wp-block-image size-large\"><img loading=\"lazy\" decoding=\"async\" width=\"1024\" height=\"768\" src=\"http:\/\/stfranziskus-kindergarten.de\/wp-content\/uploads\/2025\/11\/20250120_145917-min-1024x768.jpg\" alt=\"\" class=\"wp-image-207\" srcset=\"https:\/\/stfranziskus-kindergarten.de\/wp-content\/uploads\/2025\/11\/20250120_145917-min-1024x768.jpg 1024w, https:\/\/stfranziskus-kindergarten.de\/wp-content\/uploads\/2025\/11\/20250120_145917-min-300x225.jpg 300w, https:\/\/stfranziskus-kindergarten.de\/wp-content\/uploads\/2025\/11\/20250120_145917-min-768x576.jpg 768w, https:\/\/stfranziskus-kindergarten.de\/wp-content\/uploads\/2025\/11\/20250120_145917-min-1536x1152.jpg 1536w, https:\/\/stfranziskus-kindergarten.de\/wp-content\/uploads\/2025\/11\/20250120_145917-min-2048x1536.jpg 2048w\" sizes=\"auto, (max-width: 1024px) 100vw, 1024px\" \/><\/figure>\n\n\n\n<p>Der Gruppenraum unserer M\u00e4use-Gruppe erfreut sich nicht zuletzt dank der gro\u00dfz\u00fcgigen Fensterfront einer hellen und offenen Atmosph\u00e4re. Ob Rollenspielecke, Bauecke oder Kuschelecke &#8211; es findet sich Raum f\u00fcr jede gew\u00fcnschte Spielform.<br>In einem angrenzenden Nebenraum k\u00f6nnen sich die Kinder au\u00dferdem zur\u00fcckziehen, wenn sie sich kreativ bet\u00e4tigen oder etwas abseits des Gruppentrubels mit Legobausteine erfindungsreiche Konstrukte schaffen m\u00f6chten. \ud83d\ude42<\/p>\n\n\n\n<figure class=\"wp-block-image size-large\"><img loading=\"lazy\" decoding=\"async\" width=\"1024\" height=\"744\" src=\"http:\/\/stfranziskus-kindergarten.de\/wp-content\/uploads\/2025\/11\/20250120_150112-min-1024x744.jpg\" alt=\"\" class=\"wp-image-212\" srcset=\"https:\/\/stfranziskus-kindergarten.de\/wp-content\/uploads\/2025\/11\/20250120_150112-min-1024x744.jpg 1024w, https:\/\/stfranziskus-kindergarten.de\/wp-content\/uploads\/2025\/11\/20250120_150112-min-300x218.jpg 300w, https:\/\/stfranziskus-kindergarten.de\/wp-content\/uploads\/2025\/11\/20250120_150112-min-768x558.jpg 768w, https:\/\/stfranziskus-kindergarten.de\/wp-content\/uploads\/2025\/11\/20250120_150112-min-1536x1116.jpg 1536w, https:\/\/stfranziskus-kindergarten.de\/wp-content\/uploads\/2025\/11\/20250120_150112-min-2048x1489.jpg 2048w\" sizes=\"auto, (max-width: 1024px) 100vw, 1024px\" \/><\/figure>\n","protected":false},"excerpt":{"rendered":"<p>Der Gruppenraum unserer M\u00e4use-Gruppe erfreut sich nicht zuletzt dank der gro\u00dfz\u00fcgigen Fensterfront einer hellen und offenen Atmosph\u00e4re. Ob Rollenspielecke, Bauecke oder Kuschelecke &#8211; es findet sich Raum f\u00fcr jede gew\u00fcnschte Spielform.In einem angrenzenden Nebenraum k\u00f6nnen sich die Kinder au\u00dferdem zur\u00fcckziehen, wenn sie sich kreativ bet\u00e4tigen oder etwas abseits des Gruppentrubels [&hellip;]<\/p>\n","protected":false},"author":1,"featured_media":0,"parent":15,"menu_order":0,"comment_status":"closed","ping_status":"closed","template":"","meta":{"footnotes":""},"class_list":["post-71","page","type-page","status-publish","hentry"],"yoast_head":"<!-- This site is optimized with the Yoast SEO plugin v27.3 - https:\/\/yoast.com\/product\/yoast-seo-wordpress\/ -->\n<title>M\u00e4usegruppe - Kindergarten St. Franziskus<\/title>\n<meta name=\"robots\" content=\"index, follow, max-snippet:-1, max-image-preview:large, max-video-preview:-1\" \/>\n<link rel=\"canonical\" href=\"https:\/\/stfranziskus-kindergarten.de\/?page_id=71\" \/>\n<meta property=\"og:locale\" content=\"de_DE\" \/>\n<meta property=\"og:type\" content=\"article\" \/>\n<meta property=\"og:title\" content=\"M\u00e4usegruppe - Kindergarten St. Franziskus\" \/>\n<meta property=\"og:description\" content=\"Der Gruppenraum unserer M\u00e4use-Gruppe erfreut sich nicht zuletzt dank der gro\u00dfz\u00fcgigen Fensterfront einer hellen und offenen Atmosph\u00e4re. Ob Rollenspielecke, Bauecke oder Kuschelecke &#8211; es findet sich Raum f\u00fcr jede gew\u00fcnschte Spielform.In einem angrenzenden Nebenraum k\u00f6nnen sich die Kinder au\u00dferdem zur\u00fcckziehen, wenn sie sich kreativ bet\u00e4tigen oder etwas abseits des Gruppentrubels [&hellip;]\" \/>\n<meta property=\"og:url\" content=\"https:\/\/stfranziskus-kindergarten.de\/?page_id=71\" \/>\n<meta property=\"og:site_name\" content=\"Kindergarten St. Franziskus\" \/>\n<meta property=\"article:modified_time\" content=\"2025-11-27T14:13:05+00:00\" \/>\n<meta property=\"og:image\" content=\"http:\/\/stfranziskus-kindergarten.de\/wp-content\/uploads\/2025\/11\/20250120_145917-min-1024x768.jpg\" \/>\n<meta name=\"twitter:card\" content=\"summary_large_image\" \/>\n<meta name=\"twitter:label1\" content=\"Gesch\u00e4tzte Lesezeit\" \/>\n\t<meta name=\"twitter:data1\" content=\"1\u00a0Minute\" \/>\n<script type=\"application\/ld+json\" class=\"yoast-schema-graph\">{\"@context\":\"https:\\\/\\\/schema.org\",\"@graph\":[{\"@type\":\"WebPage\",\"@id\":\"https:\\\/\\\/stfranziskus-kindergarten.de\\\/?page_id=71\",\"url\":\"https:\\\/\\\/stfranziskus-kindergarten.de\\\/?page_id=71\",\"name\":\"M\u00e4usegruppe - Kindergarten St. Franziskus\",\"isPartOf\":{\"@id\":\"http:\\\/\\\/stfranziskus-kindergarten.de\\\/#website\"},\"primaryImageOfPage\":{\"@id\":\"https:\\\/\\\/stfranziskus-kindergarten.de\\\/?page_id=71#primaryimage\"},\"image\":{\"@id\":\"https:\\\/\\\/stfranziskus-kindergarten.de\\\/?page_id=71#primaryimage\"},\"thumbnailUrl\":\"http:\\\/\\\/stfranziskus-kindergarten.de\\\/wp-content\\\/uploads\\\/2025\\\/11\\\/20250120_145917-min-1024x768.jpg\",\"datePublished\":\"2018-02-11T08:17:55+00:00\",\"dateModified\":\"2025-11-27T14:13:05+00:00\",\"breadcrumb\":{\"@id\":\"https:\\\/\\\/stfranziskus-kindergarten.de\\\/?page_id=71#breadcrumb\"},\"inLanguage\":\"de\",\"potentialAction\":[{\"@type\":\"ReadAction\",\"target\":[\"https:\\\/\\\/stfranziskus-kindergarten.de\\\/?page_id=71\"]}]},{\"@type\":\"ImageObject\",\"inLanguage\":\"de\",\"@id\":\"https:\\\/\\\/stfranziskus-kindergarten.de\\\/?page_id=71#primaryimage\",\"url\":\"https:\\\/\\\/stfranziskus-kindergarten.de\\\/wp-content\\\/uploads\\\/2025\\\/11\\\/20250120_145917-min-scaled.jpg\",\"contentUrl\":\"https:\\\/\\\/stfranziskus-kindergarten.de\\\/wp-content\\\/uploads\\\/2025\\\/11\\\/20250120_145917-min-scaled.jpg\",\"width\":2560,\"height\":1920},{\"@type\":\"BreadcrumbList\",\"@id\":\"https:\\\/\\\/stfranziskus-kindergarten.de\\\/?page_id=71#breadcrumb\",\"itemListElement\":[{\"@type\":\"ListItem\",\"position\":1,\"name\":\"Startseite\",\"item\":\"http:\\\/\\\/stfranziskus-kindergarten.de\\\/\"},{\"@type\":\"ListItem\",\"position\":2,\"name\":\"Unsere Gruppen\",\"item\":\"http:\\\/\\\/stfranziskus-kindergarten.de\\\/?page_id=15\"},{\"@type\":\"ListItem\",\"position\":3,\"name\":\"M\u00e4usegruppe\"}]},{\"@type\":\"WebSite\",\"@id\":\"http:\\\/\\\/stfranziskus-kindergarten.de\\\/#website\",\"url\":\"http:\\\/\\\/stfranziskus-kindergarten.de\\\/\",\"name\":\"Kindergarten St. Franziskus\",\"description\":\"\",\"potentialAction\":[{\"@type\":\"SearchAction\",\"target\":{\"@type\":\"EntryPoint\",\"urlTemplate\":\"http:\\\/\\\/stfranziskus-kindergarten.de\\\/?s={search_term_string}\"},\"query-input\":{\"@type\":\"PropertyValueSpecification\",\"valueRequired\":true,\"valueName\":\"search_term_string\"}}],\"inLanguage\":\"de\"}]}<\/script>\n<!-- \/ Yoast SEO plugin. -->","yoast_head_json":{"title":"M\u00e4usegruppe - Kindergarten St. Franziskus","robots":{"index":"index","follow":"follow","max-snippet":"max-snippet:-1","max-image-preview":"max-image-preview:large","max-video-preview":"max-video-preview:-1"},"canonical":"https:\/\/stfranziskus-kindergarten.de\/?page_id=71","og_locale":"de_DE","og_type":"article","og_title":"M\u00e4usegruppe - Kindergarten St. Franziskus","og_description":"Der Gruppenraum unserer M\u00e4use-Gruppe erfreut sich nicht zuletzt dank der gro\u00dfz\u00fcgigen Fensterfront einer hellen und offenen Atmosph\u00e4re. Ob Rollenspielecke, Bauecke oder Kuschelecke &#8211; es findet sich Raum f\u00fcr jede gew\u00fcnschte Spielform.In einem angrenzenden Nebenraum k\u00f6nnen sich die Kinder au\u00dferdem zur\u00fcckziehen, wenn sie sich kreativ bet\u00e4tigen oder etwas abseits des Gruppentrubels [&hellip;]","og_url":"https:\/\/stfranziskus-kindergarten.de\/?page_id=71","og_site_name":"Kindergarten St. Franziskus","article_modified_time":"2025-11-27T14:13:05+00:00","og_image":[{"url":"http:\/\/stfranziskus-kindergarten.de\/wp-content\/uploads\/2025\/11\/20250120_145917-min-1024x768.jpg","type":"","width":"","height":""}],"twitter_card":"summary_large_image","twitter_misc":{"Gesch\u00e4tzte Lesezeit":"1\u00a0Minute"},"schema":{"@context":"https:\/\/schema.org","@graph":[{"@type":"WebPage","@id":"https:\/\/stfranziskus-kindergarten.de\/?page_id=71","url":"https:\/\/stfranziskus-kindergarten.de\/?page_id=71","name":"M\u00e4usegruppe - Kindergarten St. Franziskus","isPartOf":{"@id":"http:\/\/stfranziskus-kindergarten.de\/#website"},"primaryImageOfPage":{"@id":"https:\/\/stfranziskus-kindergarten.de\/?page_id=71#primaryimage"},"image":{"@id":"https:\/\/stfranziskus-kindergarten.de\/?page_id=71#primaryimage"},"thumbnailUrl":"http:\/\/stfranziskus-kindergarten.de\/wp-content\/uploads\/2025\/11\/20250120_145917-min-1024x768.jpg","datePublished":"2018-02-11T08:17:55+00:00","dateModified":"2025-11-27T14:13:05+00:00","breadcrumb":{"@id":"https:\/\/stfranziskus-kindergarten.de\/?page_id=71#breadcrumb"},"inLanguage":"de","potentialAction":[{"@type":"ReadAction","target":["https:\/\/stfranziskus-kindergarten.de\/?page_id=71"]}]},{"@type":"ImageObject","inLanguage":"de","@id":"https:\/\/stfranziskus-kindergarten.de\/?page_id=71#primaryimage","url":"https:\/\/stfranziskus-kindergarten.de\/wp-content\/uploads\/2025\/11\/20250120_145917-min-scaled.jpg","contentUrl":"https:\/\/stfranziskus-kindergarten.de\/wp-content\/uploads\/2025\/11\/20250120_145917-min-scaled.jpg","width":2560,"height":1920},{"@type":"BreadcrumbList","@id":"https:\/\/stfranziskus-kindergarten.de\/?page_id=71#breadcrumb","itemListElement":[{"@type":"ListItem","position":1,"name":"Startseite","item":"http:\/\/stfranziskus-kindergarten.de\/"},{"@type":"ListItem","position":2,"name":"Unsere Gruppen","item":"http:\/\/stfranziskus-kindergarten.de\/?page_id=15"},{"@type":"ListItem","position":3,"name":"M\u00e4usegruppe"}]},{"@type":"WebSite","@id":"http:\/\/stfranziskus-kindergarten.de\/#website","url":"http:\/\/stfranziskus-kindergarten.de\/","name":"Kindergarten St. Franziskus","description":"","potentialAction":[{"@type":"SearchAction","target":{"@type":"EntryPoint","urlTemplate":"http:\/\/stfranziskus-kindergarten.de\/?s={search_term_string}"},"query-input":{"@type":"PropertyValueSpecification","valueRequired":true,"valueName":"search_term_string"}}],"inLanguage":"de"}]}},"_links":{"self":[{"href":"https:\/\/stfranziskus-kindergarten.de\/index.php?rest_route=\/wp\/v2\/pages\/71","targetHints":{"allow":["GET"]}}],"collection":[{"href":"https:\/\/stfranziskus-kindergarten.de\/index.php?rest_route=\/wp\/v2\/pages"}],"about":[{"href":"https:\/\/stfranziskus-kindergarten.de\/index.php?rest_route=\/wp\/v2\/types\/page"}],"author":[{"embeddable":true,"href":"https:\/\/stfranziskus-kindergarten.de\/index.php?rest_route=\/wp\/v2\/users\/1"}],"replies":[{"embeddable":true,"href":"https:\/\/stfranziskus-kindergarten.de\/index.php?rest_route=%2Fwp%2Fv2%2Fcomments&post=71"}],"version-history":[{"count":5,"href":"https:\/\/stfranziskus-kindergarten.de\/index.php?rest_route=\/wp\/v2\/pages\/71\/revisions"}],"predecessor-version":[{"id":213,"href":"https:\/\/stfranziskus-kindergarten.de\/index.php?rest_route=\/wp\/v2\/pages\/71\/revisions\/213"}],"up":[{"embeddable":true,"href":"https:\/\/stfranziskus-kindergarten.de\/index.php?rest_route=\/wp\/v2\/pages\/15"}],"wp:attachment":[{"href":"https:\/\/stfranziskus-kindergarten.de\/index.php?rest_route=%2Fwp%2Fv2%2Fmedia&parent=71"}],"curies":[{"name":"wp","href":"https:\/\/api.w.org\/{rel}","templated":true}]}}