{"id":67,"date":"2018-02-11T08:17:33","date_gmt":"2018-02-11T08:17:33","guid":{"rendered":"http:\/\/stfranziskus-kindergarten.de\/?page_id=67"},"modified":"2025-11-27T15:20:52","modified_gmt":"2025-11-27T15:20:52","slug":"kooperation-schulen","status":"publish","type":"page","link":"https:\/\/stfranziskus-kindergarten.de\/?page_id=67","title":{"rendered":"Kooperation mit Schulen"},"content":{"rendered":"\n<p>Wir freuen uns \u00fcber die besonders enge Kooperationen mit zwei nahegelegenen Schulen.<\/p>\n\n\n\n<h2 class=\"wp-block-heading\">Grundschule Hohes Kreuz<\/h2>\n\n\n\n<p>Im Rahmen unserer vorschulp\u00e4dagogischen Arbeit stehen wir in konstantem Austausch mit der benachbarten Grundschule Hohes Kreuz, zu deren Sprengel ein Gro\u00dfteil der uns besuchenden Kinder z\u00e4hlt. <br><\/p>\n\n\n\n<h2 class=\"wp-block-heading\">bfz Regensburg &#8211; Berufsfachschule f\u00fcr Kinderpflege<\/h2>\n\n\n\n<p><\/p>\n","protected":false},"excerpt":{"rendered":"<p>Wir freuen uns \u00fcber die besonders enge Kooperationen mit zwei nahegelegenen Schulen. Grundschule Hohes Kreuz Im Rahmen unserer vorschulp\u00e4dagogischen Arbeit stehen wir in konstantem Austausch mit der benachbarten Grundschule Hohes Kreuz, zu deren Sprengel ein Gro\u00dfteil der uns besuchenden Kinder z\u00e4hlt. bfz Regensburg &#8211; Berufsfachschule f\u00fcr Kinderpflege<\/p>\n","protected":false},"author":1,"featured_media":0,"parent":7,"menu_order":0,"comment_status":"closed","ping_status":"closed","template":"","meta":{"footnotes":""},"class_list":["post-67","page","type-page","status-publish","hentry"],"yoast_head":"<!-- This site is optimized with the Yoast SEO plugin v27.3 - https:\/\/yoast.com\/product\/yoast-seo-wordpress\/ -->\n<title>Kooperation mit Schulen - Kindergarten St. Franziskus<\/title>\n<meta name=\"robots\" content=\"index, follow, max-snippet:-1, max-image-preview:large, max-video-preview:-1\" \/>\n<link rel=\"canonical\" href=\"https:\/\/stfranziskus-kindergarten.de\/?page_id=67\" \/>\n<meta property=\"og:locale\" content=\"de_DE\" \/>\n<meta property=\"og:type\" content=\"article\" \/>\n<meta property=\"og:title\" content=\"Kooperation mit Schulen - Kindergarten St. Franziskus\" \/>\n<meta property=\"og:description\" content=\"Wir freuen uns \u00fcber die besonders enge Kooperationen mit zwei nahegelegenen Schulen. Grundschule Hohes Kreuz Im Rahmen unserer vorschulp\u00e4dagogischen Arbeit stehen wir in konstantem Austausch mit der benachbarten Grundschule Hohes Kreuz, zu deren Sprengel ein Gro\u00dfteil der uns besuchenden Kinder z\u00e4hlt. bfz Regensburg &#8211; Berufsfachschule f\u00fcr Kinderpflege\" \/>\n<meta property=\"og:url\" content=\"https:\/\/stfranziskus-kindergarten.de\/?page_id=67\" \/>\n<meta property=\"og:site_name\" content=\"Kindergarten St. Franziskus\" \/>\n<meta property=\"article:modified_time\" content=\"2025-11-27T15:20:52+00:00\" \/>\n<meta name=\"twitter:card\" content=\"summary_large_image\" \/>\n<meta name=\"twitter:label1\" content=\"Gesch\u00e4tzte Lesezeit\" \/>\n\t<meta name=\"twitter:data1\" content=\"1\u00a0Minute\" \/>\n<script type=\"application\/ld+json\" class=\"yoast-schema-graph\">{\"@context\":\"https:\\\/\\\/schema.org\",\"@graph\":[{\"@type\":\"WebPage\",\"@id\":\"https:\\\/\\\/stfranziskus-kindergarten.de\\\/?page_id=67\",\"url\":\"https:\\\/\\\/stfranziskus-kindergarten.de\\\/?page_id=67\",\"name\":\"Kooperation mit Schulen - Kindergarten St. Franziskus\",\"isPartOf\":{\"@id\":\"http:\\\/\\\/stfranziskus-kindergarten.de\\\/#website\"},\"datePublished\":\"2018-02-11T08:17:33+00:00\",\"dateModified\":\"2025-11-27T15:20:52+00:00\",\"breadcrumb\":{\"@id\":\"https:\\\/\\\/stfranziskus-kindergarten.de\\\/?page_id=67#breadcrumb\"},\"inLanguage\":\"de\",\"potentialAction\":[{\"@type\":\"ReadAction\",\"target\":[\"https:\\\/\\\/stfranziskus-kindergarten.de\\\/?page_id=67\"]}]},{\"@type\":\"BreadcrumbList\",\"@id\":\"https:\\\/\\\/stfranziskus-kindergarten.de\\\/?page_id=67#breadcrumb\",\"itemListElement\":[{\"@type\":\"ListItem\",\"position\":1,\"name\":\"Startseite\",\"item\":\"http:\\\/\\\/stfranziskus-kindergarten.de\\\/\"},{\"@type\":\"ListItem\",\"position\":2,\"name\":\"Informationen\",\"item\":\"http:\\\/\\\/stfranziskus-kindergarten.de\\\/?page_id=7\"},{\"@type\":\"ListItem\",\"position\":3,\"name\":\"Kooperation mit Schulen\"}]},{\"@type\":\"WebSite\",\"@id\":\"http:\\\/\\\/stfranziskus-kindergarten.de\\\/#website\",\"url\":\"http:\\\/\\\/stfranziskus-kindergarten.de\\\/\",\"name\":\"Kindergarten St. Franziskus\",\"description\":\"\",\"potentialAction\":[{\"@type\":\"SearchAction\",\"target\":{\"@type\":\"EntryPoint\",\"urlTemplate\":\"http:\\\/\\\/stfranziskus-kindergarten.de\\\/?s={search_term_string}\"},\"query-input\":{\"@type\":\"PropertyValueSpecification\",\"valueRequired\":true,\"valueName\":\"search_term_string\"}}],\"inLanguage\":\"de\"}]}<\/script>\n<!-- \/ Yoast SEO plugin. -->","yoast_head_json":{"title":"Kooperation mit Schulen - Kindergarten St. Franziskus","robots":{"index":"index","follow":"follow","max-snippet":"max-snippet:-1","max-image-preview":"max-image-preview:large","max-video-preview":"max-video-preview:-1"},"canonical":"https:\/\/stfranziskus-kindergarten.de\/?page_id=67","og_locale":"de_DE","og_type":"article","og_title":"Kooperation mit Schulen - Kindergarten St. Franziskus","og_description":"Wir freuen uns \u00fcber die besonders enge Kooperationen mit zwei nahegelegenen Schulen. Grundschule Hohes Kreuz Im Rahmen unserer vorschulp\u00e4dagogischen Arbeit stehen wir in konstantem Austausch mit der benachbarten Grundschule Hohes Kreuz, zu deren Sprengel ein Gro\u00dfteil der uns besuchenden Kinder z\u00e4hlt. bfz Regensburg &#8211; Berufsfachschule f\u00fcr Kinderpflege","og_url":"https:\/\/stfranziskus-kindergarten.de\/?page_id=67","og_site_name":"Kindergarten St. Franziskus","article_modified_time":"2025-11-27T15:20:52+00:00","twitter_card":"summary_large_image","twitter_misc":{"Gesch\u00e4tzte Lesezeit":"1\u00a0Minute"},"schema":{"@context":"https:\/\/schema.org","@graph":[{"@type":"WebPage","@id":"https:\/\/stfranziskus-kindergarten.de\/?page_id=67","url":"https:\/\/stfranziskus-kindergarten.de\/?page_id=67","name":"Kooperation mit Schulen - Kindergarten St. Franziskus","isPartOf":{"@id":"http:\/\/stfranziskus-kindergarten.de\/#website"},"datePublished":"2018-02-11T08:17:33+00:00","dateModified":"2025-11-27T15:20:52+00:00","breadcrumb":{"@id":"https:\/\/stfranziskus-kindergarten.de\/?page_id=67#breadcrumb"},"inLanguage":"de","potentialAction":[{"@type":"ReadAction","target":["https:\/\/stfranziskus-kindergarten.de\/?page_id=67"]}]},{"@type":"BreadcrumbList","@id":"https:\/\/stfranziskus-kindergarten.de\/?page_id=67#breadcrumb","itemListElement":[{"@type":"ListItem","position":1,"name":"Startseite","item":"http:\/\/stfranziskus-kindergarten.de\/"},{"@type":"ListItem","position":2,"name":"Informationen","item":"http:\/\/stfranziskus-kindergarten.de\/?page_id=7"},{"@type":"ListItem","position":3,"name":"Kooperation mit Schulen"}]},{"@type":"WebSite","@id":"http:\/\/stfranziskus-kindergarten.de\/#website","url":"http:\/\/stfranziskus-kindergarten.de\/","name":"Kindergarten St. Franziskus","description":"","potentialAction":[{"@type":"SearchAction","target":{"@type":"EntryPoint","urlTemplate":"http:\/\/stfranziskus-kindergarten.de\/?s={search_term_string}"},"query-input":{"@type":"PropertyValueSpecification","valueRequired":true,"valueName":"search_term_string"}}],"inLanguage":"de"}]}},"_links":{"self":[{"href":"https:\/\/stfranziskus-kindergarten.de\/index.php?rest_route=\/wp\/v2\/pages\/67","targetHints":{"allow":["GET"]}}],"collection":[{"href":"https:\/\/stfranziskus-kindergarten.de\/index.php?rest_route=\/wp\/v2\/pages"}],"about":[{"href":"https:\/\/stfranziskus-kindergarten.de\/index.php?rest_route=\/wp\/v2\/types\/page"}],"author":[{"embeddable":true,"href":"https:\/\/stfranziskus-kindergarten.de\/index.php?rest_route=\/wp\/v2\/users\/1"}],"replies":[{"embeddable":true,"href":"https:\/\/stfranziskus-kindergarten.de\/index.php?rest_route=%2Fwp%2Fv2%2Fcomments&post=67"}],"version-history":[{"count":4,"href":"https:\/\/stfranziskus-kindergarten.de\/index.php?rest_route=\/wp\/v2\/pages\/67\/revisions"}],"predecessor-version":[{"id":234,"href":"https:\/\/stfranziskus-kindergarten.de\/index.php?rest_route=\/wp\/v2\/pages\/67\/revisions\/234"}],"up":[{"embeddable":true,"href":"https:\/\/stfranziskus-kindergarten.de\/index.php?rest_route=\/wp\/v2\/pages\/7"}],"wp:attachment":[{"href":"https:\/\/stfranziskus-kindergarten.de\/index.php?rest_route=%2Fwp%2Fv2%2Fmedia&parent=67"}],"curies":[{"name":"wp","href":"https:\/\/api.w.org\/{rel}","templated":true}]}}